{"id":3,"date":"2025-09-18T10:04:34","date_gmt":"2025-09-18T10:04:34","guid":{"rendered":"http:\/\/www.ragge.fi\/?page_id=3"},"modified":"2025-10-26T06:08:03","modified_gmt":"2025-10-26T06:08:03","slug":"privacy-policy","status":"publish","type":"page","link":"https:\/\/www.ragge.fi\/index.php\/privacy-policy\/","title":{"rendered":"Tietosuojaseloste"},"content":{"rendered":"\n<p>Tietosuojaseloste \u2013 Ragge.fi<\/p>\n\n\n\n<ol class=\"wp-block-list\">\n<li>Rekisterinpit\u00e4j\u00e4<\/li>\n<\/ol>\n\n\n\n<p>Ragge.fi<br>[Yrityksen \/ toimijan nimi]<br>[Osoite]<br>S\u00e4hk\u00f6posti: [email@yhti\u00f6.fi]<br>Puhelin: [puhelinnumero]<\/p>\n\n\n\n<ol start=\"2\" class=\"wp-block-list\">\n<li>Yhteyshenkil\u00f6 tietosuoja-asioissa<\/li>\n<\/ol>\n\n\n\n<p>[Jos on nimetty tietosuojavastaava (DPO), sen tiedot t\u00e4h\u00e4n]<br>Nimi: [Nimi]<br>S\u00e4hk\u00f6posti: [dpo@ragge.fi<br>]<br>Puhelin: [puhelinnumero]<\/p>\n\n\n\n<ol start=\"3\" class=\"wp-block-list\">\n<li>Henkil\u00f6tietojen k\u00e4sittelyn tarkoitukset ja k\u00e4sittelyn perusteet<\/li>\n<\/ol>\n\n\n\n<p>Seuraavassa kuvataan, mihin tarkoituksiin henkil\u00f6\u00ad tietoja k\u00e4sitell\u00e4\u00e4n sek\u00e4 mit\u00e4 perusteita k\u00e4ytet\u00e4\u00e4n (esim. suostumus, sopimus, oikeutettu etu, lakis\u00e4\u00e4teinen velvoite):<\/p>\n\n\n\n<p>Tietojenk\u00e4sittelyn tarkoitus K\u00e4sitelt\u00e4v\u00e4t tiedot Peruste k\u00e4sittelylle<br>Yhteydenottolomakkeiden k\u00e4sittely Nimi, s\u00e4hk\u00f6posti, viesti, mahdollisesti puhelinnumero Suostumus tai yhteydenottoa varten tarpeellinen<br>Uutiskirjeen l\u00e4hett\u00e4minen S\u00e4hk\u00f6postiosoite, nimi (vapaaehtoinen) Suostumus<br>Sivuston analytiikka IP-osoite (anonymisoitu), ev\u00e4steet, selain- ja k\u00e4ytt\u00f6data Oikeutettu etu \u2013 sivuston kehitt\u00e4minen<br>Kommentointi \/ k\u00e4ytt\u00e4j\u00e4tilit (jos k\u00e4yt\u00f6ss\u00e4) K\u00e4ytt\u00e4j\u00e4nimi, s\u00e4hk\u00f6posti, profiilitiedot Sopimus tai suostumus<br>Lakis\u00e4\u00e4teiset velvoitteet Kirjanpito- ja sopimustiedot (esim. laskutustiedot) Lain vaatimus<\/p>\n\n\n\n<ol start=\"4\" class=\"wp-block-list\">\n<li>Ev\u00e4steet ja muut seuranta\u00adtekniikat<\/li>\n<\/ol>\n\n\n\n<p>Sivustomme k\u00e4ytt\u00e4\u00e4 ev\u00e4steit\u00e4 ja muita vastaavia tekniikoita. Ev\u00e4steet voivat olla:<\/p>\n\n\n\n<p>V\u00e4ltt\u00e4m\u00e4tt\u00f6mi\u00e4 ev\u00e4steit\u00e4, joita tarvitaan sivuston perustoimintoihin<\/p>\n\n\n\n<p>Analytiikkaev\u00e4steit\u00e4, jotka ker\u00e4\u00e4v\u00e4t tietoa sivuston k\u00e4yt\u00f6st\u00e4<\/p>\n\n\n\n<p>Markkinointiev\u00e4steit\u00e4, jos mainostusverkostoja k\u00e4ytet\u00e4\u00e4n<\/p>\n\n\n\n<p>K\u00e4ytt\u00e4j\u00e4 voi kielt\u00e4yty\u00e4 ev\u00e4steist\u00e4 selaimen asetuksissa tai ev\u00e4steiden hallintapaneelin kautta.<\/p>\n\n\n\n<ol start=\"5\" class=\"wp-block-list\">\n<li>Tietojen vastaanottajat \/ siirrot kolmansille osapuolille<\/li>\n<\/ol>\n\n\n\n<p>Tietoja ei luovuteta muille kuin:<\/p>\n\n\n\n<p>Palveluntarjoajille (esim. webhotelli, s\u00e4hk\u00f6postipalvelin)<\/p>\n\n\n\n<p>Analytiikkaty\u00f6kaluja tarjoaville tahoille<\/p>\n\n\n\n<p>Laillisesti velvoitettaville viranomaisille<\/p>\n\n\n\n<p>Jos tiedot siirret\u00e4\u00e4n EU:n \/ EEA:n ulkopuolelle, tehd\u00e4\u00e4n tarvittavat suojatoimet (esim. sopimusmallit) GDPR:n vaatimusten mukaisesti.<\/p>\n\n\n\n<ol start=\"6\" class=\"wp-block-list\">\n<li>Tietojen s\u00e4ilytysaika<\/li>\n<\/ol>\n\n\n\n<p>Tietoja s\u00e4ilytet\u00e4\u00e4n vain niin kauan kuin on tarpeen tai lain sallimaa aikaa. Esimerkiksi:<\/p>\n\n\n\n<p>Uutiskirjeen osoitetiedot: kunnes k\u00e4ytt\u00e4j\u00e4 peruu tilauksen<\/p>\n\n\n\n<p>Yhteydenottolomakkeen tiedot: xx kuukautta<\/p>\n\n\n\n<p>Sopimus- ja laskutustiedot: lainmukainen kirjanpitoaika (esim. 6\u201310 vuotta)<\/p>\n\n\n\n<p>Anonymisoitu analytiikkadata: pidemm\u00e4n ajan, kun ei ole tunnistettavissa henkil\u00f6ksi<\/p>\n\n\n\n<ol start=\"7\" class=\"wp-block-list\">\n<li>Rekister\u00f6idyn oikeudet<\/li>\n<\/ol>\n\n\n\n<p>Sinulla on seuraavat oikeudet:<\/p>\n\n\n\n<p>Oikeus saada vahvistus siit\u00e4, k\u00e4sitell\u00e4\u00e4nk\u00f6 sinusta henkil\u00f6tietoja<\/p>\n\n\n\n<p>Oikeus pyyt\u00e4\u00e4 p\u00e4\u00e4sy\u00e4 tietoihisi<\/p>\n\n\n\n<p>Oikeus vaatia tietojen oikaisua tai t\u00e4ydennyst\u00e4<\/p>\n\n\n\n<p>Oikeus tietojen poisto (\u201doikeus tulla unohdetuksi\u201d)<\/p>\n\n\n\n<p>Oikeus rajoittaa k\u00e4sittely\u00e4<\/p>\n\n\n\n<p>Oikeus vastustaa tietojenk\u00e4sittely\u00e4<\/p>\n\n\n\n<p>Oikeus siirt\u00e4\u00e4 tiedot j\u00e4rjestelm\u00e4st\u00e4 toiseen (datansiirrett\u00e4vyys)<\/p>\n\n\n\n<p>Oikeus peruuttaa suostumus (jos k\u00e4sittely perustuu suostumukseen)<\/p>\n\n\n\n<p>Oikeus tehd\u00e4 valitus valvontaviranomaiselle (Suomessa tietosuojavaltuutettu)<\/p>\n\n\n\n<ol start=\"8\" class=\"wp-block-list\">\n<li>Tietoturva<\/li>\n<\/ol>\n\n\n\n<p>Rekisterinpit\u00e4j\u00e4 toteuttaa teknisi\u00e4 ja organisatorisia turvatoimia, jotka est\u00e4v\u00e4t tietojen luvattoman k\u00e4sittelyn, h\u00e4vitt\u00e4misen tai muuntelun. N\u00e4ihin voi kuulua salaus, p\u00e4\u00e4synvalvonta, varmuuskopiointi ja verkon suojaus.<\/p>\n\n\n\n<ol start=\"9\" class=\"wp-block-list\">\n<li>Muutokset tietosuojaselosteeseen<\/li>\n<\/ol>\n\n\n\n<p>T\u00e4t\u00e4 tietosuojaselostetta voidaan p\u00e4ivitt\u00e4\u00e4 tarvittaessa. Uusimmat versiot julkaistaan sivustolla ja p\u00e4iv\u00e4m\u00e4\u00e4r\u00e4 ilmoitetaan selosteessa.<\/p>\n\n\n\n<ol start=\"10\" class=\"wp-block-list\">\n<li>Voimaantulop\u00e4iv\u00e4m\u00e4\u00e4r\u00e4<\/li>\n<\/ol>\n\n\n\n<p>T\u00e4m\u00e4 tietosuojaseloste on voimassa alkaen [p\u00e4iv\u00e4m\u00e4\u00e4r\u00e4].<\/p>\n\n\n\n<p><\/p>\n\n\n\n<p><\/p>\n","protected":false},"excerpt":{"rendered":"<p>Tietosuojaseloste \u2013 Ragge.fi Ragge.fi[Yrityksen \/ toimijan nimi][Osoite]S\u00e4hk\u00f6posti: [email@yhti\u00f6.fi]Puhelin: [puhelinnumero] [Jos on nimetty tietosuojavastaava (DPO), sen tiedot t\u00e4h\u00e4n]Nimi: [Nimi]S\u00e4hk\u00f6posti: [dpo@ragge.fi]Puhelin: [puhelinnumero] Seuraavassa kuvataan, mihin tarkoituksiin henkil\u00f6\u00ad tietoja k\u00e4sitell\u00e4\u00e4n sek\u00e4 mit\u00e4 perusteita k\u00e4ytet\u00e4\u00e4n (esim. suostumus, sopimus, oikeutettu etu, lakis\u00e4\u00e4teinen velvoite): Tietojenk\u00e4sittelyn tarkoitus K\u00e4sitelt\u00e4v\u00e4t tiedot Peruste k\u00e4sittelylleYhteydenottolomakkeiden k\u00e4sittely Nimi, s\u00e4hk\u00f6posti, viesti, mahdollisesti puhelinnumero Suostumus tai yhteydenottoa varten tarpeellinenUutiskirjeen [&hellip;]<\/p>\n","protected":false},"author":1,"featured_media":0,"parent":0,"menu_order":0,"comment_status":"closed","ping_status":"open","template":"","meta":{"om_disable_all_campaigns":false,"_monsterinsights_skip_tracking":false,"_monsterinsights_sitenote_active":false,"_monsterinsights_sitenote_note":"","_monsterinsights_sitenote_category":0,"footnotes":""},"class_list":["post-3","page","type-page","status-publish","hentry","entry","owp-thumbs-layout-horizontal","owp-btn-normal","owp-tabs-layout-horizontal","has-no-thumbnails","has-product-nav"],"aioseo_notices":[],"jetpack_sharing_enabled":true,"_links":{"self":[{"href":"https:\/\/www.ragge.fi\/index.php\/wp-json\/wp\/v2\/pages\/3","targetHints":{"allow":["GET"]}}],"collection":[{"href":"https:\/\/www.ragge.fi\/index.php\/wp-json\/wp\/v2\/pages"}],"about":[{"href":"https:\/\/www.ragge.fi\/index.php\/wp-json\/wp\/v2\/types\/page"}],"author":[{"embeddable":true,"href":"https:\/\/www.ragge.fi\/index.php\/wp-json\/wp\/v2\/users\/1"}],"replies":[{"embeddable":true,"href":"https:\/\/www.ragge.fi\/index.php\/wp-json\/wp\/v2\/comments?post=3"}],"version-history":[{"count":1,"href":"https:\/\/www.ragge.fi\/index.php\/wp-json\/wp\/v2\/pages\/3\/revisions"}],"predecessor-version":[{"id":6156,"href":"https:\/\/www.ragge.fi\/index.php\/wp-json\/wp\/v2\/pages\/3\/revisions\/6156"}],"wp:attachment":[{"href":"https:\/\/www.ragge.fi\/index.php\/wp-json\/wp\/v2\/media?parent=3"}],"curies":[{"name":"wp","href":"https:\/\/api.w.org\/{rel}","templated":true}]}}