{"id":710,"date":"2019-04-10T18:24:31","date_gmt":"2019-04-10T18:24:31","guid":{"rendered":"https:\/\/blockshop-demo.getbowtied.com\/?page_id=710"},"modified":"2025-11-02T10:28:39","modified_gmt":"2025-11-02T10:28:39","slug":"welcome","status":"publish","type":"page","link":"https:\/\/www.ragge.fi\/","title":{"rendered":"Tervetuloa"},"content":{"rendered":"\n<h3 class=\"wp-block-heading\"><strong>Tervetuloa Ragge.fi \u2013 persoonallisten tuotteiden kotipes\u00e4\u00e4n!<\/strong><\/h3>\n\n\n\n<p>Ragge.fi on suomalainen nettikauppa, joka tarjoaa laadukkaita ja uniikkeja tuotteita arkeen, harrastuksiin ja lahjaideoihin. Valikoimastamme l\u00f6yd\u00e4t n\u00e4ytt\u00e4v\u00e4t tarrat, trendikk\u00e4\u00e4t julisteet, tyylikk\u00e4\u00e4t t-paidat, persoonalliset mukit sek\u00e4 laadukkaasti tehdyt brodeeraukset niin yksityisille kuin yrityksille.<\/p>\n\n\n\n<p>Panostamme kotimaiseen palveluun, nopeaan toimitukseen ja tarkkaan viimeistelyyn. Tuotteemme suunnitellaan rakkaudella ja valmistetaan kest\u00e4m\u00e4\u00e4n k\u00e4ytt\u00f6\u00e4 \u2013 oli sitten kyse humoristisesta printist\u00e4, tyylikk\u00e4\u00e4st\u00e4 logosta tai t\u00e4ysin omasta ideastasi.<\/p>\n\n\n\n<p>Jos haluat erottua massasta, olet oikeassa paikassa. Tutustu valikoimaan ja l\u00f6yd\u00e4 suosikkisi \u2013 Ragge.fi tekee arjestasi hauskemman ja persoonallisemman!<\/p>\n\n\n\n<p>Teemme painatuksia my\u00f6s tilauksesta, pyyd\u00e4 tarjous!<\/p>\n\n\n\n<p><\/p>\n\n\n\n<p><\/p>\n\n\n<div data-block-name=\"woocommerce\/product-new\" data-columns=\"5\" data-rows=\"2\" class=\"wc-block-grid wp-block-product-new wp-block-woocommerce-product-new wc-block-product-new has-5-columns has-multiple-rows alignfull alignfull\"><ul class=\"wc-block-grid__products\"><li class=\"wc-block-grid__product\">\n\t\t\t\t<a href=\"https:\/\/www.ragge.fi\/index.php\/tuote\/labradorinnoutaja-keltainen-tarra\/\" class=\"wc-block-grid__product-link\">\n\t\t\t\t\t\n\t\t\t\t\t<div class=\"wc-block-grid__product-image\"><img loading=\"lazy\" decoding=\"async\" width=\"395\" height=\"395\" src=\"https:\/\/www.ragge.fi\/wp-content\/uploads\/2026\/04\/labbis-keltainen-100mm.png\" class=\"attachment-woocommerce_thumbnail size-woocommerce_thumbnail\" alt=\"Labradorinnoutaja keltainen, tarra\" srcset=\"https:\/\/www.ragge.fi\/wp-content\/uploads\/2026\/04\/labbis-keltainen-100mm.png 395w, https:\/\/www.ragge.fi\/wp-content\/uploads\/2026\/04\/labbis-keltainen-100mm-300x300.png 300w, https:\/\/www.ragge.fi\/wp-content\/uploads\/2026\/04\/labbis-keltainen-100mm-150x150.png 150w, https:\/\/www.ragge.fi\/wp-content\/uploads\/2026\/04\/labbis-keltainen-100mm-100x100.png 100w\" sizes=\"auto, (max-width: 395px) 100vw, 395px\" \/><\/div>\n\t\t\t\t\t<div class=\"wc-block-grid__product-title\">Labradorinnoutaja keltainen, tarra<\/div>\n\t\t\t\t<\/a>\n\t\t\t\t<div class=\"wc-block-grid__product-price price\"><span class=\"woocommerce-Price-amount amount\">6,00&nbsp;<span class=\"woocommerce-Price-currencySymbol\">&euro;<\/span><\/span><\/div>\n\t\t\t\t\n\t\t\t\t<div class=\"wp-block-button wc-block-grid__product-add-to-cart\"><a href=\"\/index.php\/wp-json\/wp\/v2\/pages\/710?add-to-cart=6540\" aria-label=\"Lis\u00e4\u00e4 ostoskoriin: &ldquo;Labradorinnoutaja keltainen, tarra&rdquo;\" data-quantity=\"1\" data-product_id=\"6540\" data-product_sku=\"\" data-price=\"6\" rel=\"nofollow\" class=\"wp-block-button__link  add_to_cart_button ajax_add_to_cart\">Lis\u00e4\u00e4 ostoskoriin<\/a><\/div>\n\t\t\t<\/li><li class=\"wc-block-grid__product\">\n\t\t\t\t<a href=\"https:\/\/www.ragge.fi\/index.php\/tuote\/labradorinnoutaja-ruskea-tarra\/\" class=\"wc-block-grid__product-link\">\n\t\t\t\t\t\n\t\t\t\t\t<div class=\"wc-block-grid__product-image\"><img loading=\"lazy\" decoding=\"async\" width=\"395\" height=\"395\" src=\"https:\/\/www.ragge.fi\/wp-content\/uploads\/2026\/04\/labbis-ruskea-100mm.png\" class=\"attachment-woocommerce_thumbnail size-woocommerce_thumbnail\" alt=\"Labradorinnoutaja ruskea, tarra\" srcset=\"https:\/\/www.ragge.fi\/wp-content\/uploads\/2026\/04\/labbis-ruskea-100mm.png 395w, https:\/\/www.ragge.fi\/wp-content\/uploads\/2026\/04\/labbis-ruskea-100mm-300x300.png 300w, https:\/\/www.ragge.fi\/wp-content\/uploads\/2026\/04\/labbis-ruskea-100mm-150x150.png 150w, https:\/\/www.ragge.fi\/wp-content\/uploads\/2026\/04\/labbis-ruskea-100mm-100x100.png 100w\" sizes=\"auto, (max-width: 395px) 100vw, 395px\" \/><\/div>\n\t\t\t\t\t<div class=\"wc-block-grid__product-title\">Labradorinnoutaja ruskea, tarra<\/div>\n\t\t\t\t<\/a>\n\t\t\t\t<div class=\"wc-block-grid__product-price price\"><span class=\"woocommerce-Price-amount amount\">6,00&nbsp;<span class=\"woocommerce-Price-currencySymbol\">&euro;<\/span><\/span><\/div>\n\t\t\t\t\n\t\t\t\t<div class=\"wp-block-button wc-block-grid__product-add-to-cart\"><a href=\"\/index.php\/wp-json\/wp\/v2\/pages\/710?add-to-cart=6538\" aria-label=\"Lis\u00e4\u00e4 ostoskoriin: &ldquo;Labradorinnoutaja ruskea, tarra&rdquo;\" data-quantity=\"1\" data-product_id=\"6538\" data-product_sku=\"\" data-price=\"6\" rel=\"nofollow\" class=\"wp-block-button__link  add_to_cart_button ajax_add_to_cart\">Lis\u00e4\u00e4 ostoskoriin<\/a><\/div>\n\t\t\t<\/li><li class=\"wc-block-grid__product\">\n\t\t\t\t<a href=\"https:\/\/www.ragge.fi\/index.php\/tuote\/labradorinnoutaja-musta-tarra\/\" class=\"wc-block-grid__product-link\">\n\t\t\t\t\t\n\t\t\t\t\t<div class=\"wc-block-grid__product-image\"><img loading=\"lazy\" decoding=\"async\" width=\"395\" height=\"395\" src=\"https:\/\/www.ragge.fi\/wp-content\/uploads\/2026\/04\/labbis-musta-100mm.png\" class=\"attachment-woocommerce_thumbnail size-woocommerce_thumbnail\" alt=\"Labradorinnoutaja musta, tarra\" srcset=\"https:\/\/www.ragge.fi\/wp-content\/uploads\/2026\/04\/labbis-musta-100mm.png 395w, https:\/\/www.ragge.fi\/wp-content\/uploads\/2026\/04\/labbis-musta-100mm-300x300.png 300w, https:\/\/www.ragge.fi\/wp-content\/uploads\/2026\/04\/labbis-musta-100mm-150x150.png 150w, https:\/\/www.ragge.fi\/wp-content\/uploads\/2026\/04\/labbis-musta-100mm-100x100.png 100w\" sizes=\"auto, (max-width: 395px) 100vw, 395px\" \/><\/div>\n\t\t\t\t\t<div class=\"wc-block-grid__product-title\">Labradorinnoutaja musta, tarra<\/div>\n\t\t\t\t<\/a>\n\t\t\t\t<div class=\"wc-block-grid__product-price price\"><span class=\"woocommerce-Price-amount amount\">6,00&nbsp;<span class=\"woocommerce-Price-currencySymbol\">&euro;<\/span><\/span><\/div>\n\t\t\t\t\n\t\t\t\t<div class=\"wp-block-button wc-block-grid__product-add-to-cart\"><a href=\"\/index.php\/wp-json\/wp\/v2\/pages\/710?add-to-cart=6536\" aria-label=\"Lis\u00e4\u00e4 ostoskoriin: &ldquo;Labradorinnoutaja musta, tarra&rdquo;\" data-quantity=\"1\" data-product_id=\"6536\" data-product_sku=\"\" data-price=\"6\" rel=\"nofollow\" class=\"wp-block-button__link  add_to_cart_button ajax_add_to_cart\">Lis\u00e4\u00e4 ostoskoriin<\/a><\/div>\n\t\t\t<\/li><li class=\"wc-block-grid__product\">\n\t\t\t\t<a href=\"https:\/\/www.ragge.fi\/index.php\/tuote\/vintage-hybrid-tarra\/\" class=\"wc-block-grid__product-link\">\n\t\t\t\t\t\n\t\t\t\t\t<div class=\"wc-block-grid__product-image\"><img loading=\"lazy\" decoding=\"async\" width=\"307\" height=\"282\" src=\"https:\/\/www.ragge.fi\/wp-content\/uploads\/2026\/04\/vintage-hybrid.png\" class=\"attachment-woocommerce_thumbnail size-woocommerce_thumbnail\" alt=\"Vintage Hybrid, tarra\" srcset=\"https:\/\/www.ragge.fi\/wp-content\/uploads\/2026\/04\/vintage-hybrid.png 307w, https:\/\/www.ragge.fi\/wp-content\/uploads\/2026\/04\/vintage-hybrid-300x276.png 300w\" sizes=\"auto, (max-width: 307px) 100vw, 307px\" \/><\/div>\n\t\t\t\t\t<div class=\"wc-block-grid__product-title\">Vintage Hybrid, tarra<\/div>\n\t\t\t\t<\/a>\n\t\t\t\t<div class=\"wc-block-grid__product-price price\"><span class=\"woocommerce-Price-amount amount\">6,00&nbsp;<span class=\"woocommerce-Price-currencySymbol\">&euro;<\/span><\/span><\/div>\n\t\t\t\t\n\t\t\t\t<div class=\"wp-block-button wc-block-grid__product-add-to-cart\"><a href=\"\/index.php\/wp-json\/wp\/v2\/pages\/710?add-to-cart=6534\" aria-label=\"Lis\u00e4\u00e4 ostoskoriin: &ldquo;Vintage Hybrid, tarra&rdquo;\" data-quantity=\"1\" data-product_id=\"6534\" data-product_sku=\"\" data-price=\"6\" rel=\"nofollow\" class=\"wp-block-button__link  add_to_cart_button ajax_add_to_cart\">Lis\u00e4\u00e4 ostoskoriin<\/a><\/div>\n\t\t\t<\/li><li class=\"wc-block-grid__product\">\n\t\t\t\t<a href=\"https:\/\/www.ragge.fi\/index.php\/tuote\/kottiin-et-soita-soita-veikolle-tarra\/\" class=\"wc-block-grid__product-link\">\n\t\t\t\t\t\n\t\t\t\t\t<div class=\"wc-block-grid__product-image\"><img loading=\"lazy\" decoding=\"async\" width=\"315\" height=\"315\" src=\"https:\/\/www.ragge.fi\/wp-content\/uploads\/2026\/04\/soitat-veikolle-tarra.png\" class=\"attachment-woocommerce_thumbnail size-woocommerce_thumbnail\" alt=\"Kottiin et soita, soita Veikolle, tarra\" srcset=\"https:\/\/www.ragge.fi\/wp-content\/uploads\/2026\/04\/soitat-veikolle-tarra.png 315w, https:\/\/www.ragge.fi\/wp-content\/uploads\/2026\/04\/soitat-veikolle-tarra-300x300.png 300w, https:\/\/www.ragge.fi\/wp-content\/uploads\/2026\/04\/soitat-veikolle-tarra-150x150.png 150w, https:\/\/www.ragge.fi\/wp-content\/uploads\/2026\/04\/soitat-veikolle-tarra-100x100.png 100w\" sizes=\"auto, (max-width: 315px) 100vw, 315px\" \/><\/div>\n\t\t\t\t\t<div class=\"wc-block-grid__product-title\">Kottiin et soita, soita Veikolle, tarra<\/div>\n\t\t\t\t<\/a>\n\t\t\t\t<div class=\"wc-block-grid__product-price price\"><span class=\"woocommerce-Price-amount amount\">6,00&nbsp;<span class=\"woocommerce-Price-currencySymbol\">&euro;<\/span><\/span><\/div>\n\t\t\t\t\n\t\t\t\t<div class=\"wp-block-button wc-block-grid__product-add-to-cart\"><a href=\"\/index.php\/wp-json\/wp\/v2\/pages\/710?add-to-cart=6500\" aria-label=\"Lis\u00e4\u00e4 ostoskoriin: &ldquo;Kottiin et soita, soita Veikolle, tarra&rdquo;\" data-quantity=\"1\" data-product_id=\"6500\" data-product_sku=\"\" data-price=\"6\" rel=\"nofollow\" class=\"wp-block-button__link  add_to_cart_button ajax_add_to_cart\">Lis\u00e4\u00e4 ostoskoriin<\/a><\/div>\n\t\t\t<\/li><li class=\"wc-block-grid__product\">\n\t\t\t\t<a href=\"https:\/\/www.ragge.fi\/index.php\/tuote\/diktaattorien-valinta-takalasitarra\/\" class=\"wc-block-grid__product-link\">\n\t\t\t\t\t\n\t\t\t\t\t<div class=\"wc-block-grid__product-image\"><img loading=\"lazy\" decoding=\"async\" width=\"421\" height=\"43\" src=\"https:\/\/www.ragge.fi\/wp-content\/uploads\/2026\/04\/diktaattorien-valinta-takalasitarra.png\" class=\"attachment-woocommerce_thumbnail size-woocommerce_thumbnail\" alt=\"Diktaattorien valinta, takalasitarra\" srcset=\"https:\/\/www.ragge.fi\/wp-content\/uploads\/2026\/04\/diktaattorien-valinta-takalasitarra.png 421w, https:\/\/www.ragge.fi\/wp-content\/uploads\/2026\/04\/diktaattorien-valinta-takalasitarra-300x31.png 300w\" sizes=\"auto, (max-width: 421px) 100vw, 421px\" \/><\/div>\n\t\t\t\t\t<div class=\"wc-block-grid__product-title\">Diktaattorien valinta, takalasitarra<\/div>\n\t\t\t\t<\/a>\n\t\t\t\t<div class=\"wc-block-grid__product-price price\"><span class=\"woocommerce-Price-amount amount\">10,00&nbsp;<span class=\"woocommerce-Price-currencySymbol\">&euro;<\/span><\/span><\/div>\n\t\t\t\t\n\t\t\t\t<div class=\"wp-block-button wc-block-grid__product-add-to-cart\"><a href=\"\/index.php\/wp-json\/wp\/v2\/pages\/710?add-to-cart=6497\" aria-label=\"Lis\u00e4\u00e4 ostoskoriin: &ldquo;Diktaattorien valinta, takalasitarra&rdquo;\" data-quantity=\"1\" data-product_id=\"6497\" data-product_sku=\"\" data-price=\"10\" rel=\"nofollow\" class=\"wp-block-button__link  add_to_cart_button ajax_add_to_cart\">Lis\u00e4\u00e4 ostoskoriin<\/a><\/div>\n\t\t\t<\/li><li class=\"wc-block-grid__product\">\n\t\t\t\t<a href=\"https:\/\/www.ragge.fi\/index.php\/tuote\/vene-meriaakkosilla-t-paita\/\" class=\"wc-block-grid__product-link\">\n\t\t\t\t\t\n\t\t\t\t\t<div class=\"wc-block-grid__product-image\"><img loading=\"lazy\" decoding=\"async\" width=\"413\" height=\"600\" src=\"https:\/\/www.ragge.fi\/wp-content\/uploads\/2026\/04\/meriaakkoset-nainen-413x600.png\" class=\"attachment-woocommerce_thumbnail size-woocommerce_thumbnail\" alt=\"Meriaakkoset T-paita\" \/><\/div>\n\t\t\t\t\t<div class=\"wc-block-grid__product-title\">Meriaakkoset T-paita<\/div>\n\t\t\t\t<\/a>\n\t\t\t\t<div class=\"wc-block-grid__product-price price\"><span class=\"woocommerce-Price-amount amount\">21,00&nbsp;<span class=\"woocommerce-Price-currencySymbol\">&euro;<\/span><\/span><\/div>\n\t\t\t\t\n\t\t\t\t<div class=\"wp-block-button wc-block-grid__product-add-to-cart\"><a href=\"https:\/\/www.ragge.fi\/index.php\/tuote\/vene-meriaakkosilla-t-paita\/\" aria-label=\"Valitse valinnat &ldquo;Meriaakkoset T-paita&rdquo;\" data-quantity=\"1\" data-product_id=\"6454\" data-product_sku=\"\" data-price=\"21\" rel=\"nofollow\" class=\"wp-block-button__link  add_to_cart_button\">Valitse vaihtoehdoista<\/a><\/div>\n\t\t\t<\/li><li class=\"wc-block-grid__product\">\n\t\t\t\t<a href=\"https:\/\/www.ragge.fi\/index.php\/tuote\/mona-lisa-taulu\/\" class=\"wc-block-grid__product-link\">\n\t\t\t\t\t\n\t\t\t\t\t<div class=\"wc-block-grid__product-image\"><img loading=\"lazy\" decoding=\"async\" width=\"297\" height=\"425\" src=\"https:\/\/www.ragge.fi\/wp-content\/uploads\/2026\/01\/monalisa-wc-1.png\" class=\"attachment-woocommerce_thumbnail size-woocommerce_thumbnail\" alt=\"Mona Lisa, taulu\" srcset=\"https:\/\/www.ragge.fi\/wp-content\/uploads\/2026\/01\/monalisa-wc-1.png 297w, https:\/\/www.ragge.fi\/wp-content\/uploads\/2026\/01\/monalisa-wc-1-210x300.png 210w\" sizes=\"auto, (max-width: 297px) 100vw, 297px\" \/><\/div>\n\t\t\t\t\t<div class=\"wc-block-grid__product-title\">Mona Lisa, taulu<\/div>\n\t\t\t\t<\/a>\n\t\t\t\t<div class=\"wc-block-grid__product-price price\"><span class=\"woocommerce-Price-amount amount\">19,00&nbsp;<span class=\"woocommerce-Price-currencySymbol\">&euro;<\/span><\/span><\/div>\n\t\t\t\t\n\t\t\t\t<div class=\"wp-block-button wc-block-grid__product-add-to-cart\"><a href=\"\/index.php\/wp-json\/wp\/v2\/pages\/710?add-to-cart=6436\" aria-label=\"Lis\u00e4\u00e4 ostoskoriin: &ldquo;Mona Lisa, taulu&rdquo;\" data-quantity=\"1\" data-product_id=\"6436\" data-product_sku=\"\" data-price=\"19\" rel=\"nofollow\" class=\"wp-block-button__link  add_to_cart_button ajax_add_to_cart\">Lis\u00e4\u00e4 ostoskoriin<\/a><\/div>\n\t\t\t<\/li><li class=\"wc-block-grid__product\">\n\t\t\t\t<a href=\"https:\/\/www.ragge.fi\/index.php\/tuote\/vw-logot-ja-vuosimallit-posliinimuki\/\" class=\"wc-block-grid__product-link\">\n\t\t\t\t\t\n\t\t\t\t\t<div class=\"wc-block-grid__product-image\"><img loading=\"lazy\" decoding=\"async\" width=\"450\" height=\"424\" src=\"https:\/\/www.ragge.fi\/wp-content\/uploads\/2025\/11\/romuttamoposliinit.png\" class=\"attachment-woocommerce_thumbnail size-woocommerce_thumbnail\" alt=\"VW romuttamo, posliinimuki\" srcset=\"https:\/\/www.ragge.fi\/wp-content\/uploads\/2025\/11\/romuttamoposliinit.png 451w, https:\/\/www.ragge.fi\/wp-content\/uploads\/2025\/11\/romuttamoposliinit-300x283.png 300w\" sizes=\"auto, (max-width: 450px) 100vw, 450px\" \/><\/div>\n\t\t\t\t\t<div class=\"wc-block-grid__product-title\">VW romuttamo, posliinimuki<\/div>\n\t\t\t\t<\/a>\n\t\t\t\t<div class=\"wc-block-grid__product-price price\"><span class=\"woocommerce-Price-amount amount\">15,00&nbsp;<span class=\"woocommerce-Price-currencySymbol\">&euro;<\/span><\/span><\/div>\n\t\t\t\t\n\t\t\t\t<div class=\"wp-block-button wc-block-grid__product-add-to-cart\"><a href=\"\/index.php\/wp-json\/wp\/v2\/pages\/710?add-to-cart=6416\" aria-label=\"Lis\u00e4\u00e4 ostoskoriin: &ldquo;VW romuttamo, posliinimuki&rdquo;\" data-quantity=\"1\" data-product_id=\"6416\" data-product_sku=\"\" data-price=\"15\" rel=\"nofollow\" class=\"wp-block-button__link  add_to_cart_button ajax_add_to_cart\">Lis\u00e4\u00e4 ostoskoriin<\/a><\/div>\n\t\t\t<\/li><li class=\"wc-block-grid__product\">\n\t\t\t\t<a href=\"https:\/\/www.ragge.fi\/index.php\/tuote\/vw-paakallo-posliinimuki\/\" class=\"wc-block-grid__product-link\">\n\t\t\t\t\t\n\t\t\t\t\t<div class=\"wc-block-grid__product-image\"><img loading=\"lazy\" decoding=\"async\" width=\"403\" height=\"425\" src=\"https:\/\/www.ragge.fi\/wp-content\/uploads\/2025\/11\/paakalloposliinit.png\" class=\"attachment-woocommerce_thumbnail size-woocommerce_thumbnail\" alt=\"VW p\u00e4\u00e4kallo, posliinimuki\" srcset=\"https:\/\/www.ragge.fi\/wp-content\/uploads\/2025\/11\/paakalloposliinit.png 403w, https:\/\/www.ragge.fi\/wp-content\/uploads\/2025\/11\/paakalloposliinit-284x300.png 284w\" sizes=\"auto, (max-width: 403px) 100vw, 403px\" \/><\/div>\n\t\t\t\t\t<div class=\"wc-block-grid__product-title\">VW p\u00e4\u00e4kallo, posliinimuki<\/div>\n\t\t\t\t<\/a>\n\t\t\t\t<div class=\"wc-block-grid__product-price price\"><span class=\"woocommerce-Price-amount amount\">15,00&nbsp;<span class=\"woocommerce-Price-currencySymbol\">&euro;<\/span><\/span><\/div>\n\t\t\t\t\n\t\t\t\t<div class=\"wp-block-button wc-block-grid__product-add-to-cart\"><a href=\"\/index.php\/wp-json\/wp\/v2\/pages\/710?add-to-cart=6415\" aria-label=\"Lis\u00e4\u00e4 ostoskoriin: &ldquo;VW p\u00e4\u00e4kallo, posliinimuki&rdquo;\" data-quantity=\"1\" data-product_id=\"6415\" data-product_sku=\"\" data-price=\"15\" rel=\"nofollow\" class=\"wp-block-button__link  add_to_cart_button ajax_add_to_cart\">Lis\u00e4\u00e4 ostoskoriin<\/a><\/div>\n\t\t\t<\/li><\/ul><\/div>\n\n\n<h2 class=\"wp-block-heading has-text-align-center\"><\/h2>\n\n\n\n<div style=\"height:55px\" aria-hidden=\"true\" class=\"wp-block-spacer\"><\/div>\n\n\n","protected":false},"excerpt":{"rendered":"<p>Tervetuloa Ragge.fi \u2013 persoonallisten tuotteiden kotipes\u00e4\u00e4n! Ragge.fi on suomalainen nettikauppa, joka tarjoaa laadukkaita ja uniikkeja tuotteita arkeen, harrastuksiin ja lahjaideoihin. Valikoimastamme l\u00f6yd\u00e4t n\u00e4ytt\u00e4v\u00e4t tarrat, trendikk\u00e4\u00e4t julisteet, tyylikk\u00e4\u00e4t t-paidat, persoonalliset mukit sek\u00e4 laadukkaasti tehdyt brodeeraukset niin yksityisille kuin yrityksille. Panostamme kotimaiseen palveluun, nopeaan toimitukseen ja tarkkaan viimeistelyyn. Tuotteemme suunnitellaan rakkaudella ja valmistetaan kest\u00e4m\u00e4\u00e4n k\u00e4ytt\u00f6\u00e4 \u2013 oli [&hellip;]<\/p>\n","protected":false},"author":1,"featured_media":0,"parent":0,"menu_order":0,"comment_status":"closed","ping_status":"closed","template":"","meta":{"om_disable_all_campaigns":false,"_monsterinsights_skip_tracking":false,"_monsterinsights_sitenote_active":false,"_monsterinsights_sitenote_note":"","_monsterinsights_sitenote_category":0,"footnotes":""},"class_list":["post-710","page","type-page","status-publish","hentry","entry","owp-thumbs-layout-horizontal","owp-btn-normal","owp-tabs-layout-horizontal","has-no-thumbnails","has-product-nav"],"aioseo_notices":[],"jetpack_sharing_enabled":true,"_links":{"self":[{"href":"https:\/\/www.ragge.fi\/index.php\/wp-json\/wp\/v2\/pages\/710","targetHints":{"allow":["GET"]}}],"collection":[{"href":"https:\/\/www.ragge.fi\/index.php\/wp-json\/wp\/v2\/pages"}],"about":[{"href":"https:\/\/www.ragge.fi\/index.php\/wp-json\/wp\/v2\/types\/page"}],"author":[{"embeddable":true,"href":"https:\/\/www.ragge.fi\/index.php\/wp-json\/wp\/v2\/users\/1"}],"replies":[{"embeddable":true,"href":"https:\/\/www.ragge.fi\/index.php\/wp-json\/wp\/v2\/comments?post=710"}],"version-history":[{"count":12,"href":"https:\/\/www.ragge.fi\/index.php\/wp-json\/wp\/v2\/pages\/710\/revisions"}],"predecessor-version":[{"id":6261,"href":"https:\/\/www.ragge.fi\/index.php\/wp-json\/wp\/v2\/pages\/710\/revisions\/6261"}],"wp:attachment":[{"href":"https:\/\/www.ragge.fi\/index.php\/wp-json\/wp\/v2\/media?parent=710"}],"curies":[{"name":"wp","href":"https:\/\/api.w.org\/{rel}","templated":true}]}}