{"id":5543,"date":"2025-09-26T15:43:33","date_gmt":"2025-09-26T15:43:33","guid":{"rendered":"https:\/\/www.ragge.fi\/?post_type=product&#038;p=5543"},"modified":"2025-09-26T15:44:40","modified_gmt":"2025-09-26T15:44:40","slug":"i-love-camping-tarra","status":"publish","type":"product","link":"https:\/\/www.ragge.fi\/index.php\/tuote\/i-love-camping-tarra\/","title":{"rendered":"I Love Camping, tarra"},"content":{"rendered":"<p>Suomessa meill\u00e4 tulostettu, laatutarra<br \/>\nS\u00e4\u00e4nkest\u00e4v\u00e4<\/p>\n<p>Koko noin 9&#215;7 cm<\/p>\n","protected":false},"excerpt":{"rendered":"<p>Suomessa meill\u00e4 tulostettu, laatutarra S\u00e4\u00e4nkest\u00e4v\u00e4 Koko noin 9&#215;7 cm<\/p>\n","protected":false},"featured_media":5539,"comment_status":"open","ping_status":"closed","template":"","meta":{"om_disable_all_campaigns":false,"_monsterinsights_skip_tracking":false,"_monsterinsights_sitenote_active":false,"_monsterinsights_sitenote_note":"","_monsterinsights_sitenote_category":0},"product_brand":[],"product_cat":[96],"product_tag":[],"class_list":{"0":"post-5543","1":"product","2":"type-product","3":"status-publish","4":"has-post-thumbnail","6":"product_cat-muut-tarrat","8":"entry","9":"has-media","11":"first","12":"instock","13":"shipping-taxable","14":"purchasable","15":"product-type-simple","16":"has-product-nav","17":"col","18":"span_1_of_3","19":"owp-content-center","20":"owp-thumbs-layout-horizontal","21":"owp-btn-normal","22":"owp-tabs-layout-horizontal","23":"has-no-thumbnails"},"aioseo_notices":[],"jetpack_sharing_enabled":true,"_links":{"self":[{"href":"https:\/\/www.ragge.fi\/index.php\/wp-json\/wp\/v2\/product\/5543","targetHints":{"allow":["GET"]}}],"collection":[{"href":"https:\/\/www.ragge.fi\/index.php\/wp-json\/wp\/v2\/product"}],"about":[{"href":"https:\/\/www.ragge.fi\/index.php\/wp-json\/wp\/v2\/types\/product"}],"replies":[{"embeddable":true,"href":"https:\/\/www.ragge.fi\/index.php\/wp-json\/wp\/v2\/comments?post=5543"}],"wp:featuredmedia":[{"embeddable":true,"href":"https:\/\/www.ragge.fi\/index.php\/wp-json\/wp\/v2\/media\/5539"}],"wp:attachment":[{"href":"https:\/\/www.ragge.fi\/index.php\/wp-json\/wp\/v2\/media?parent=5543"}],"wp:term":[{"taxonomy":"product_brand","embeddable":true,"href":"https:\/\/www.ragge.fi\/index.php\/wp-json\/wp\/v2\/product_brand?post=5543"},{"taxonomy":"product_cat","embeddable":true,"href":"https:\/\/www.ragge.fi\/index.php\/wp-json\/wp\/v2\/product_cat?post=5543"},{"taxonomy":"product_tag","embeddable":true,"href":"https:\/\/www.ragge.fi\/index.php\/wp-json\/wp\/v2\/product_tag?post=5543"}],"curies":[{"name":"wp","href":"https:\/\/api.w.org\/{rel}","templated":true}]}}