{"id":5890,"date":"2025-10-07T10:19:16","date_gmt":"2025-10-07T10:19:16","guid":{"rendered":"https:\/\/www.ragge.fi\/?post_type=product&#038;p=5890"},"modified":"2025-10-10T07:47:07","modified_gmt":"2025-10-10T07:47:07","slug":"hasse-matkat-tarra","status":"publish","type":"product","link":"https:\/\/www.ragge.fi\/index.php\/tuote\/hasse-matkat-tarra\/","title":{"rendered":"Hasse matkat, tarra"},"content":{"rendered":"<p>&nbsp;<\/p>\n<p>Suomessa meill\u00e4 tulostettu, laatutarra<br \/>\nS\u00e4\u00e4nkest\u00e4v\u00e4<\/p>\n<p>Koko noin 10&#215;9 cm<\/p>\n","protected":false},"excerpt":{"rendered":"<p>&nbsp; Suomessa meill\u00e4 tulostettu, laatutarra S\u00e4\u00e4nkest\u00e4v\u00e4 Koko noin 10&#215;9 cm<\/p>\n","protected":false},"featured_media":5891,"comment_status":"open","ping_status":"closed","template":"","meta":{"om_disable_all_campaigns":false,"_monsterinsights_skip_tracking":false,"_monsterinsights_sitenote_active":false,"_monsterinsights_sitenote_note":"","_monsterinsights_sitenote_category":0},"product_brand":[],"product_cat":[118,96],"product_tag":[],"class_list":{"0":"post-5890","1":"product","2":"type-product","3":"status-publish","4":"has-post-thumbnail","6":"product_cat-matkatoimistotarrat","7":"product_cat-muut-tarrat","9":"entry","10":"has-media","12":"first","13":"instock","14":"shipping-taxable","15":"purchasable","16":"product-type-simple","17":"has-product-nav","18":"col","19":"span_1_of_3","20":"owp-content-center","21":"owp-thumbs-layout-horizontal","22":"owp-btn-normal","23":"owp-tabs-layout-horizontal","24":"has-no-thumbnails"},"aioseo_notices":[],"jetpack_sharing_enabled":true,"_links":{"self":[{"href":"https:\/\/www.ragge.fi\/index.php\/wp-json\/wp\/v2\/product\/5890","targetHints":{"allow":["GET"]}}],"collection":[{"href":"https:\/\/www.ragge.fi\/index.php\/wp-json\/wp\/v2\/product"}],"about":[{"href":"https:\/\/www.ragge.fi\/index.php\/wp-json\/wp\/v2\/types\/product"}],"replies":[{"embeddable":true,"href":"https:\/\/www.ragge.fi\/index.php\/wp-json\/wp\/v2\/comments?post=5890"}],"wp:featuredmedia":[{"embeddable":true,"href":"https:\/\/www.ragge.fi\/index.php\/wp-json\/wp\/v2\/media\/5891"}],"wp:attachment":[{"href":"https:\/\/www.ragge.fi\/index.php\/wp-json\/wp\/v2\/media?parent=5890"}],"wp:term":[{"taxonomy":"product_brand","embeddable":true,"href":"https:\/\/www.ragge.fi\/index.php\/wp-json\/wp\/v2\/product_brand?post=5890"},{"taxonomy":"product_cat","embeddable":true,"href":"https:\/\/www.ragge.fi\/index.php\/wp-json\/wp\/v2\/product_cat?post=5890"},{"taxonomy":"product_tag","embeddable":true,"href":"https:\/\/www.ragge.fi\/index.php\/wp-json\/wp\/v2\/product_tag?post=5890"}],"curies":[{"name":"wp","href":"https:\/\/api.w.org\/{rel}","templated":true}]}}