{"id":6169,"date":"2025-10-28T11:21:02","date_gmt":"2025-10-28T11:21:02","guid":{"rendered":"https:\/\/www.ragge.fi\/?post_type=product&#038;p=6169"},"modified":"2025-10-31T14:16:07","modified_gmt":"2025-10-31T14:16:07","slug":"sf-tunnus-vuosimallilla","status":"publish","type":"product","link":"https:\/\/www.ragge.fi\/index.php\/tuote\/sf-tunnus-vuosimallilla\/","title":{"rendered":"SF tunnus vuosimallilla, tarra"},"content":{"rendered":"<p>Mustapohjainen SF merkki ajoneuvosi vuosimallilla.<\/p>\n<p>S\u00e4\u00e4nkest\u00e4v\u00e4, meill\u00e4 painettu<\/p>\n<p>Koko noin 12x8cm<\/p>\n","protected":false},"excerpt":{"rendered":"<p>Mustapohjainen SF merkki ajoneuvosi vuosimallilla. S\u00e4\u00e4nkest\u00e4v\u00e4, meill\u00e4 painettu Koko noin 12x8cm<\/p>\n","protected":false},"featured_media":6170,"comment_status":"open","ping_status":"closed","template":"","meta":{"om_disable_all_campaigns":false,"_monsterinsights_skip_tracking":false,"_monsterinsights_sitenote_active":false,"_monsterinsights_sitenote_note":"","_monsterinsights_sitenote_category":0},"product_brand":[],"product_cat":[94],"product_tag":[],"class_list":{"0":"post-6169","1":"product","2":"type-product","3":"status-publish","4":"has-post-thumbnail","6":"product_cat-tarrat","8":"entry","9":"has-media","11":"first","12":"instock","13":"shipping-taxable","14":"purchasable","15":"product-type-variable","16":"has-product-nav","17":"col","18":"span_1_of_3","19":"owp-content-center","20":"owp-thumbs-layout-horizontal","21":"owp-btn-normal","22":"owp-tabs-layout-horizontal","23":"has-no-thumbnails"},"aioseo_notices":[],"jetpack_sharing_enabled":true,"_links":{"self":[{"href":"https:\/\/www.ragge.fi\/index.php\/wp-json\/wp\/v2\/product\/6169","targetHints":{"allow":["GET"]}}],"collection":[{"href":"https:\/\/www.ragge.fi\/index.php\/wp-json\/wp\/v2\/product"}],"about":[{"href":"https:\/\/www.ragge.fi\/index.php\/wp-json\/wp\/v2\/types\/product"}],"replies":[{"embeddable":true,"href":"https:\/\/www.ragge.fi\/index.php\/wp-json\/wp\/v2\/comments?post=6169"}],"wp:featuredmedia":[{"embeddable":true,"href":"https:\/\/www.ragge.fi\/index.php\/wp-json\/wp\/v2\/media\/6170"}],"wp:attachment":[{"href":"https:\/\/www.ragge.fi\/index.php\/wp-json\/wp\/v2\/media?parent=6169"}],"wp:term":[{"taxonomy":"product_brand","embeddable":true,"href":"https:\/\/www.ragge.fi\/index.php\/wp-json\/wp\/v2\/product_brand?post=6169"},{"taxonomy":"product_cat","embeddable":true,"href":"https:\/\/www.ragge.fi\/index.php\/wp-json\/wp\/v2\/product_cat?post=6169"},{"taxonomy":"product_tag","embeddable":true,"href":"https:\/\/www.ragge.fi\/index.php\/wp-json\/wp\/v2\/product_tag?post=6169"}],"curies":[{"name":"wp","href":"https:\/\/api.w.org\/{rel}","templated":true}]}}