{"id":6285,"date":"2025-11-08T09:07:48","date_gmt":"2025-11-08T09:07:48","guid":{"rendered":"https:\/\/www.ragge.fi\/?post_type=product&#038;p=6285"},"modified":"2025-11-08T09:22:57","modified_gmt":"2025-11-08T09:22:57","slug":"vitun-kalenteri-2026-taulu","status":"publish","type":"product","link":"https:\/\/www.ragge.fi\/index.php\/tuote\/vitun-kalenteri-2026-taulu\/","title":{"rendered":"Vitun kalenteri 2026, taulu"},"content":{"rendered":"<p>Vitun kalenteri 2026, koko A4, toimitetaan mustassa muovikehyksess\u00e4.<\/p>\n<p>Tammikuu: Vitun tipaton<br \/>\nHelmikuu: Vitun pakkanen<br \/>\nMaaliskuu:Vitun flussa<br \/>\nHuhtikuu: Vitun takatalvi<br \/>\nToukokuu: Vitun suvivirsi<br \/>\nKes\u00e4kuu: Vitun itikat<br \/>\nHein\u00e4kuu: Vitun hukkumiset<br \/>\nElokuu: Vitun lomaltapaluu<br \/>\nSyyskuu: Vitun kynttil\u00e4t<br \/>\nLokakuu: Vitun kellojen siirto<br \/>\nMarraskuu: Vitun pikkujoulumokat<br \/>\nJoulukuu: Vitun satuhahmot<\/p>\n<p>Painettu laatupaperille<\/p>\n","protected":false},"excerpt":{"rendered":"<p>Vitun kalenteri 2026, koko A4, toimitetaan mustassa muovikehyksess\u00e4. Tammikuu: Vitun tipaton Helmikuu: Vitun pakkanen Maaliskuu:Vitun flussa Huhtikuu: Vitun takatalvi Toukokuu: Vitun suvivirsi Kes\u00e4kuu: Vitun itikat Hein\u00e4kuu: Vitun hukkumiset Elokuu: Vitun lomaltapaluu Syyskuu: Vitun kynttil\u00e4t Lokakuu: Vitun kellojen siirto Marraskuu: Vitun pikkujoulumokat Joulukuu: Vitun satuhahmot Painettu laatupaperille<\/p>\n","protected":false},"featured_media":6286,"comment_status":"open","ping_status":"closed","template":"","meta":{"om_disable_all_campaigns":false,"_monsterinsights_skip_tracking":false,"_monsterinsights_sitenote_active":false,"_monsterinsights_sitenote_note":"","_monsterinsights_sitenote_category":0},"product_brand":[],"product_cat":[124],"product_tag":[],"class_list":{"0":"post-6285","1":"product","2":"type-product","3":"status-publish","4":"has-post-thumbnail","6":"product_cat-julistetailut","8":"entry","9":"has-media","11":"first","12":"instock","13":"shipping-taxable","14":"purchasable","15":"product-type-simple","16":"has-product-nav","17":"col","18":"span_1_of_3","19":"owp-content-center","20":"owp-thumbs-layout-horizontal","21":"owp-btn-normal","22":"owp-tabs-layout-horizontal","23":"has-no-thumbnails"},"aioseo_notices":[],"jetpack_sharing_enabled":true,"_links":{"self":[{"href":"https:\/\/www.ragge.fi\/index.php\/wp-json\/wp\/v2\/product\/6285","targetHints":{"allow":["GET"]}}],"collection":[{"href":"https:\/\/www.ragge.fi\/index.php\/wp-json\/wp\/v2\/product"}],"about":[{"href":"https:\/\/www.ragge.fi\/index.php\/wp-json\/wp\/v2\/types\/product"}],"replies":[{"embeddable":true,"href":"https:\/\/www.ragge.fi\/index.php\/wp-json\/wp\/v2\/comments?post=6285"}],"wp:featuredmedia":[{"embeddable":true,"href":"https:\/\/www.ragge.fi\/index.php\/wp-json\/wp\/v2\/media\/6286"}],"wp:attachment":[{"href":"https:\/\/www.ragge.fi\/index.php\/wp-json\/wp\/v2\/media?parent=6285"}],"wp:term":[{"taxonomy":"product_brand","embeddable":true,"href":"https:\/\/www.ragge.fi\/index.php\/wp-json\/wp\/v2\/product_brand?post=6285"},{"taxonomy":"product_cat","embeddable":true,"href":"https:\/\/www.ragge.fi\/index.php\/wp-json\/wp\/v2\/product_cat?post=6285"},{"taxonomy":"product_tag","embeddable":true,"href":"https:\/\/www.ragge.fi\/index.php\/wp-json\/wp\/v2\/product_tag?post=6285"}],"curies":[{"name":"wp","href":"https:\/\/api.w.org\/{rel}","templated":true}]}}