{"id":6415,"date":"2025-11-09T11:44:09","date_gmt":"2025-11-09T11:44:09","guid":{"rendered":"https:\/\/www.ragge.fi\/?post_type=product&#038;p=6415"},"modified":"2025-11-09T11:44:49","modified_gmt":"2025-11-09T11:44:49","slug":"vw-paakallo-posliinimuki","status":"publish","type":"product","link":"https:\/\/www.ragge.fi\/index.php\/tuote\/vw-paakallo-posliinimuki\/","title":{"rendered":"VW p\u00e4\u00e4kallo, posliinimuki"},"content":{"rendered":"<p>Konepesun ja mikron kest\u00e4v\u00e4 posliinimuki<\/p>\n<p>Korkeus 80mm, halkaisia 70mm<\/p>\n","protected":false},"excerpt":{"rendered":"<p>Konepesun ja mikron kest\u00e4v\u00e4 posliinimuki Korkeus 80mm, halkaisia 70mm<\/p>\n","protected":false},"featured_media":6405,"comment_status":"open","ping_status":"closed","template":"","meta":{"om_disable_all_campaigns":false,"_monsterinsights_skip_tracking":false,"_monsterinsights_sitenote_active":false,"_monsterinsights_sitenote_note":"","_monsterinsights_sitenote_category":0},"product_brand":[],"product_cat":[129],"product_tag":[104,99,101,103,108,106,107,100,102,113,105],"class_list":{"0":"post-6415","1":"product","2":"type-product","3":"status-publish","4":"has-post-thumbnail","6":"product_cat-posliinimukit","7":"product_tag-beetle","8":"product_tag-junakeula","9":"product_tag-junis","10":"product_tag-kupla","11":"product_tag-paku","12":"product_tag-pallis","13":"product_tag-pallokeula","14":"product_tag-risulasi","15":"product_tag-t2","16":"product_tag-transporter","17":"product_tag-vw","19":"entry","20":"has-media","22":"first","23":"instock","24":"shipping-taxable","25":"purchasable","26":"product-type-simple","27":"has-product-nav","28":"col","29":"span_1_of_3","30":"owp-content-center","31":"owp-thumbs-layout-horizontal","32":"owp-btn-normal","33":"owp-tabs-layout-horizontal","34":"has-no-thumbnails"},"aioseo_notices":[],"jetpack_sharing_enabled":true,"_links":{"self":[{"href":"https:\/\/www.ragge.fi\/index.php\/wp-json\/wp\/v2\/product\/6415","targetHints":{"allow":["GET"]}}],"collection":[{"href":"https:\/\/www.ragge.fi\/index.php\/wp-json\/wp\/v2\/product"}],"about":[{"href":"https:\/\/www.ragge.fi\/index.php\/wp-json\/wp\/v2\/types\/product"}],"replies":[{"embeddable":true,"href":"https:\/\/www.ragge.fi\/index.php\/wp-json\/wp\/v2\/comments?post=6415"}],"wp:featuredmedia":[{"embeddable":true,"href":"https:\/\/www.ragge.fi\/index.php\/wp-json\/wp\/v2\/media\/6405"}],"wp:attachment":[{"href":"https:\/\/www.ragge.fi\/index.php\/wp-json\/wp\/v2\/media?parent=6415"}],"wp:term":[{"taxonomy":"product_brand","embeddable":true,"href":"https:\/\/www.ragge.fi\/index.php\/wp-json\/wp\/v2\/product_brand?post=6415"},{"taxonomy":"product_cat","embeddable":true,"href":"https:\/\/www.ragge.fi\/index.php\/wp-json\/wp\/v2\/product_cat?post=6415"},{"taxonomy":"product_tag","embeddable":true,"href":"https:\/\/www.ragge.fi\/index.php\/wp-json\/wp\/v2\/product_tag?post=6415"}],"curies":[{"name":"wp","href":"https:\/\/api.w.org\/{rel}","templated":true}]}}