{"id":6454,"date":"2026-04-10T16:49:26","date_gmt":"2026-04-10T14:49:26","guid":{"rendered":"https:\/\/www.ragge.fi\/?post_type=product&#038;p=6454"},"modified":"2026-04-23T09:07:04","modified_gmt":"2026-04-23T07:07:04","slug":"vene-meriaakkosilla-t-paita","status":"publish","type":"product","link":"https:\/\/www.ragge.fi\/index.php\/tuote\/vene-meriaakkosilla-t-paita\/","title":{"rendered":"Meriaakkoset T-paita"},"content":{"rendered":"<p data-start=\"29\" data-end=\"85\"><strong data-start=\"29\" data-end=\"85\">Uniikki t-paita omalla nimell\u00e4si \u2013 meriaakkosilla! \u2693<\/strong><\/p>\n<p data-start=\"87\" data-end=\"222\">Suunnittele persoonallinen t-paita, johon painetaan haluamasi teksti meriaakkosilla. T\u00e4ydellinen lahja veneilij\u00e4lle tai omaan k\u00e4ytt\u00f6\u00f6n!<\/p>\n<p data-start=\"224\" data-end=\"242\">Esimerkkipaidassa:<\/p>\n<ul data-start=\"243\" data-end=\"316\">\n<li data-section-id=\"17i57gd\" data-start=\"243\" data-end=\"280\">Yl\u00e4rivill\u00e4 veneen nimi: <em data-start=\"269\" data-end=\"278\">Ilmatar<\/em><\/li>\n<li data-section-id=\"17gw6kf\" data-start=\"281\" data-end=\"316\">Alarivill\u00e4 paikkakunta: <em data-start=\"307\" data-end=\"316\">Joensuu<\/em><\/li>\n<\/ul>\n<p data-start=\"318\" data-end=\"446\"><strong data-start=\"318\" data-end=\"343\">N\u00e4in tilaat helposti:<\/strong><br \/>\nLis\u00e4\u00e4 kassasivulla kohtaan <em data-start=\"371\" data-end=\"394\">\u201cTilauksen kommentit\u201d<\/em> haluamasi teksti, jonka haluat paitaan painettavan.<\/p>\n<p data-start=\"448\" data-end=\"584\">Haluatko varmistaa lopputuloksen?<br data-start=\"481\" data-end=\"484\" \/>L\u00e4het\u00e4 viesti osoitteeseen <strong data-start=\"511\" data-end=\"528\"><a class=\"decorated-link cursor-pointer\" rel=\"noopener\" data-start=\"513\" data-end=\"526\">info@ragge.fi<\/a><\/strong>, niin saat mallikuvan hyv\u00e4ksytt\u00e4v\u00e4ksi ennen painatusta.<\/p>\n<p>&nbsp;<\/p>\n<p>&nbsp;<\/p>\n<p>Euroopan myydyin puuvillainen T-paita tarjoaa parhaan hinta-laatusuhteen.<\/p>\n<p>Kokovalikoima S, M, L, XL, XXL<\/p>\n<p>\u2022 100 % puuvillaa<br \/>\n\u2022 Harmaa: 50 % puuvillaa, 50 % polyesteri\u00e4<br \/>\n\u2022 Paino:165 g\/m\u00b2<br \/>\n\u2022 Puuvilla\/Lycra\u00ae-kaulus vahvistetulla niskasaumalla<br \/>\n\u2022 Kaksoistikkaukset kauluksessa, hihoissa ja helmassa<\/p>\n","protected":false},"excerpt":{"rendered":"<p><img loading=\"lazy\" decoding=\"async\" class=\"alignnone size-medium wp-image-6485\" src=\"https:\/\/www.ragge.fi\/wp-content\/uploads\/2026\/04\/meriaakkoset-mustapaita-263x300.png\" alt=\"\" width=\"263\" height=\"300\" srcset=\"https:\/\/www.ragge.fi\/wp-content\/uploads\/2026\/04\/meriaakkoset-mustapaita-263x300.png 263w, https:\/\/www.ragge.fi\/wp-content\/uploads\/2026\/04\/meriaakkoset-mustapaita.png 361w\" sizes=\"auto, (max-width: 263px) 100vw, 263px\" \/><img loading=\"lazy\" decoding=\"async\" class=\"alignnone size-medium wp-image-6486\" src=\"https:\/\/www.ragge.fi\/wp-content\/uploads\/2026\/04\/meriaakkoset-harmaa-264x300.png\" alt=\"\" width=\"264\" height=\"300\" srcset=\"https:\/\/www.ragge.fi\/wp-content\/uploads\/2026\/04\/meriaakkoset-harmaa-264x300.png 264w, https:\/\/www.ragge.fi\/wp-content\/uploads\/2026\/04\/meriaakkoset-harmaa.png 361w\" sizes=\"auto, (max-width: 264px) 100vw, 264px\" \/> <img loading=\"lazy\" decoding=\"async\" class=\"alignnone size-medium wp-image-6487\" src=\"https:\/\/www.ragge.fi\/wp-content\/uploads\/2026\/04\/meriaakkoset-oliivi-269x300.png\" alt=\"\" width=\"269\" height=\"300\" srcset=\"https:\/\/www.ragge.fi\/wp-content\/uploads\/2026\/04\/meriaakkoset-oliivi-269x300.png 269w, https:\/\/www.ragge.fi\/wp-content\/uploads\/2026\/04\/meriaakkoset-oliivi.png 367w\" sizes=\"auto, (max-width: 269px) 100vw, 269px\" \/><\/p>\n","protected":false},"featured_media":6490,"comment_status":"open","ping_status":"closed","template":"","meta":{"om_disable_all_campaigns":false,"_monsterinsights_skip_tracking":false,"_monsterinsights_sitenote_active":false,"_monsterinsights_sitenote_note":"","_monsterinsights_sitenote_category":0},"product_brand":[],"product_cat":[92],"product_tag":[],"class_list":{"0":"post-6454","1":"product","2":"type-product","3":"status-publish","4":"has-post-thumbnail","6":"product_cat-tpaidat","8":"entry","9":"has-media","11":"first","12":"instock","13":"shipping-taxable","14":"purchasable","15":"product-type-variable","16":"has-product-nav","17":"col","18":"span_1_of_3","19":"owp-content-center","20":"owp-thumbs-layout-horizontal","21":"owp-btn-normal","22":"owp-tabs-layout-horizontal","23":"has-no-thumbnails"},"aioseo_notices":[],"jetpack_sharing_enabled":true,"_links":{"self":[{"href":"https:\/\/www.ragge.fi\/index.php\/wp-json\/wp\/v2\/product\/6454","targetHints":{"allow":["GET"]}}],"collection":[{"href":"https:\/\/www.ragge.fi\/index.php\/wp-json\/wp\/v2\/product"}],"about":[{"href":"https:\/\/www.ragge.fi\/index.php\/wp-json\/wp\/v2\/types\/product"}],"replies":[{"embeddable":true,"href":"https:\/\/www.ragge.fi\/index.php\/wp-json\/wp\/v2\/comments?post=6454"}],"wp:featuredmedia":[{"embeddable":true,"href":"https:\/\/www.ragge.fi\/index.php\/wp-json\/wp\/v2\/media\/6490"}],"wp:attachment":[{"href":"https:\/\/www.ragge.fi\/index.php\/wp-json\/wp\/v2\/media?parent=6454"}],"wp:term":[{"taxonomy":"product_brand","embeddable":true,"href":"https:\/\/www.ragge.fi\/index.php\/wp-json\/wp\/v2\/product_brand?post=6454"},{"taxonomy":"product_cat","embeddable":true,"href":"https:\/\/www.ragge.fi\/index.php\/wp-json\/wp\/v2\/product_cat?post=6454"},{"taxonomy":"product_tag","embeddable":true,"href":"https:\/\/www.ragge.fi\/index.php\/wp-json\/wp\/v2\/product_tag?post=6454"}],"curies":[{"name":"wp","href":"https:\/\/api.w.org\/{rel}","templated":true}]}}